{"id":76961,"date":"2015-06-24T07:07:19","date_gmt":"2015-06-24T07:07:19","guid":{"rendered":"https:\/\/chuyenhangphap.fr\/trang-chu\/"},"modified":"2021-09-08T07:43:51","modified_gmt":"2021-09-08T07:43:51","slug":"trang-chu","status":"publish","type":"page","link":"https:\/\/chuyenhangphap.fr\/fr\/","title":{"rendered":"Page d&#8217;accueil"},"content":{"rendered":"","protected":false},"excerpt":{"rendered":"","protected":false},"author":108,"featured_media":0,"parent":0,"menu_order":0,"comment_status":"open","ping_status":"open","template":"","meta":{"_acf_changed":false,"footnotes":""},"class_list":["post-76961","page","type-page","status-publish","hentry"],"acf":[],"yoast_head":"<!-- This site is optimized with the Yoast SEO plugin v27.1.1 - https:\/\/yoast.com\/product\/yoast-seo-wordpress\/ -->\n<title>Chuy\u1ec3n h\u00e0ng t\u1eeb Ph\u00e1p v\u1ec1 Vi\u1ec7t Nam LYNX INTERNATIONAL - Service d&#039;exp\u00e9dition Chuyenhangphap.fr de la France au Vietnam<\/title>\n<meta name=\"description\" content=\"LYNX INTERNATIONAL l\u00e0 \u0111\u01a1n v\u1ecb v\u1eadn chuy\u1ec3n ph\u00e1t nhanh Qu\u1ed1c t\u1ebf v\u1edbi h\u01a1n 10 n\u0103m kinh nghi\u1ec7m: LYNX INTERNATIONAL l\u00e0 c\u00f4ng ty v\u1eadn chuy\u1ec3n h\u00e0ng t\u1eeb Ph\u00e1p v\u1ec1 64 t\u1ec9nh th\u00e0nh t\u1ea1i Vi\u1ec7t Nam\" \/>\n<meta name=\"robots\" content=\"index, follow, max-snippet:-1, max-image-preview:large, max-video-preview:-1\" \/>\n<link rel=\"canonical\" href=\"https:\/\/chuyenhangphap.fr\/fr\/\" \/>\n<meta property=\"og:locale\" content=\"fr_FR\" \/>\n<meta property=\"og:type\" content=\"article\" \/>\n<meta property=\"og:title\" content=\"Chuy\u1ec3n h\u00e0ng t\u1eeb Ph\u00e1p v\u1ec1 Vi\u1ec7t Nam LYNX INTERNATIONAL - Service d&#039;exp\u00e9dition Chuyenhangphap.fr de la France au Vietnam\" \/>\n<meta property=\"og:description\" content=\"LYNX INTERNATIONAL l\u00e0 \u0111\u01a1n v\u1ecb v\u1eadn chuy\u1ec3n ph\u00e1t nhanh Qu\u1ed1c t\u1ebf v\u1edbi h\u01a1n 10 n\u0103m kinh nghi\u1ec7m: LYNX INTERNATIONAL l\u00e0 c\u00f4ng ty v\u1eadn chuy\u1ec3n h\u00e0ng t\u1eeb Ph\u00e1p v\u1ec1 64 t\u1ec9nh th\u00e0nh t\u1ea1i Vi\u1ec7t Nam\" \/>\n<meta property=\"og:url\" content=\"https:\/\/chuyenhangphap.fr\/fr\/\" \/>\n<meta property=\"og:site_name\" content=\"Service d&#039;exp\u00e9dition Chuyenhangphap.fr de la France au Vietnam\" \/>\n<meta property=\"article:publisher\" content=\"https:\/\/www.facebook.com\/chuyenhangphap.fr\" \/>\n<meta property=\"article:modified_time\" content=\"2021-09-08T07:43:51+00:00\" \/>\n<meta name=\"twitter:card\" content=\"summary_large_image\" \/>\n<script type=\"application\/ld+json\" class=\"yoast-schema-graph\">{\"@context\":\"https:\/\/schema.org\",\"@graph\":[{\"@type\":\"WebPage\",\"@id\":\"https:\/\/chuyenhangphap.fr\/fr\/\",\"url\":\"https:\/\/chuyenhangphap.fr\/fr\/\",\"name\":\"Chuy\u1ec3n h\u00e0ng t\u1eeb Ph\u00e1p v\u1ec1 Vi\u1ec7t Nam LYNX INTERNATIONAL - Service d'exp\u00e9dition Chuyenhangphap.fr de la France au Vietnam\",\"isPartOf\":{\"@id\":\"https:\/\/chuyenhangphap.fr\/#website\"},\"datePublished\":\"2015-06-24T07:07:19+00:00\",\"dateModified\":\"2021-09-08T07:43:51+00:00\",\"description\":\"LYNX INTERNATIONAL l\u00e0 \u0111\u01a1n v\u1ecb v\u1eadn chuy\u1ec3n ph\u00e1t nhanh Qu\u1ed1c t\u1ebf v\u1edbi h\u01a1n 10 n\u0103m kinh nghi\u1ec7m: LYNX INTERNATIONAL l\u00e0 c\u00f4ng ty v\u1eadn chuy\u1ec3n h\u00e0ng t\u1eeb Ph\u00e1p v\u1ec1 64 t\u1ec9nh th\u00e0nh t\u1ea1i Vi\u1ec7t Nam\",\"breadcrumb\":{\"@id\":\"https:\/\/chuyenhangphap.fr\/fr\/#breadcrumb\"},\"inLanguage\":\"fr-FR\",\"potentialAction\":[{\"@type\":\"ReadAction\",\"target\":[\"https:\/\/chuyenhangphap.fr\/fr\/\"]}]},{\"@type\":\"BreadcrumbList\",\"@id\":\"https:\/\/chuyenhangphap.fr\/fr\/#breadcrumb\",\"itemListElement\":[{\"@type\":\"ListItem\",\"position\":1,\"name\":\"Trang ch\u1ee7\",\"item\":\"https:\/\/chuyenhangphap.fr\/fr\/\"},{\"@type\":\"ListItem\",\"position\":2,\"name\":\"Page d&rsquo;accueil\"}]},{\"@type\":\"WebSite\",\"@id\":\"https:\/\/chuyenhangphap.fr\/#website\",\"url\":\"https:\/\/chuyenhangphap.fr\/\",\"name\":\"Service d'exp\u00e9dition Chuyenhangphap.fr de la France au Vietnam\",\"description\":\"LYNX INTERNATIONAL - Chuyenhangphap.fr V\u1eadn chuy\u1ec3n h\u00e0ng t\u1eeb Ph\u00e1p v\u1ec1 Vi\u1ec7t Nam\",\"potentialAction\":[{\"@type\":\"SearchAction\",\"target\":{\"@type\":\"EntryPoint\",\"urlTemplate\":\"https:\/\/chuyenhangphap.fr\/?s={search_term_string}\"},\"query-input\":{\"@type\":\"PropertyValueSpecification\",\"valueRequired\":true,\"valueName\":\"search_term_string\"}}],\"inLanguage\":\"fr-FR\"}]}<\/script>\n<!-- \/ Yoast SEO plugin. -->","yoast_head_json":{"title":"Chuy\u1ec3n h\u00e0ng t\u1eeb Ph\u00e1p v\u1ec1 Vi\u1ec7t Nam LYNX INTERNATIONAL - Service d'exp\u00e9dition Chuyenhangphap.fr de la France au Vietnam","description":"LYNX INTERNATIONAL l\u00e0 \u0111\u01a1n v\u1ecb v\u1eadn chuy\u1ec3n ph\u00e1t nhanh Qu\u1ed1c t\u1ebf v\u1edbi h\u01a1n 10 n\u0103m kinh nghi\u1ec7m: LYNX INTERNATIONAL l\u00e0 c\u00f4ng ty v\u1eadn chuy\u1ec3n h\u00e0ng t\u1eeb Ph\u00e1p v\u1ec1 64 t\u1ec9nh th\u00e0nh t\u1ea1i Vi\u1ec7t Nam","robots":{"index":"index","follow":"follow","max-snippet":"max-snippet:-1","max-image-preview":"max-image-preview:large","max-video-preview":"max-video-preview:-1"},"canonical":"https:\/\/chuyenhangphap.fr\/fr\/","og_locale":"fr_FR","og_type":"article","og_title":"Chuy\u1ec3n h\u00e0ng t\u1eeb Ph\u00e1p v\u1ec1 Vi\u1ec7t Nam LYNX INTERNATIONAL - Service d'exp\u00e9dition Chuyenhangphap.fr de la France au Vietnam","og_description":"LYNX INTERNATIONAL l\u00e0 \u0111\u01a1n v\u1ecb v\u1eadn chuy\u1ec3n ph\u00e1t nhanh Qu\u1ed1c t\u1ebf v\u1edbi h\u01a1n 10 n\u0103m kinh nghi\u1ec7m: LYNX INTERNATIONAL l\u00e0 c\u00f4ng ty v\u1eadn chuy\u1ec3n h\u00e0ng t\u1eeb Ph\u00e1p v\u1ec1 64 t\u1ec9nh th\u00e0nh t\u1ea1i Vi\u1ec7t Nam","og_url":"https:\/\/chuyenhangphap.fr\/fr\/","og_site_name":"Service d'exp\u00e9dition Chuyenhangphap.fr de la France au Vietnam","article_publisher":"https:\/\/www.facebook.com\/chuyenhangphap.fr","article_modified_time":"2021-09-08T07:43:51+00:00","twitter_card":"summary_large_image","schema":{"@context":"https:\/\/schema.org","@graph":[{"@type":"WebPage","@id":"https:\/\/chuyenhangphap.fr\/fr\/","url":"https:\/\/chuyenhangphap.fr\/fr\/","name":"Chuy\u1ec3n h\u00e0ng t\u1eeb Ph\u00e1p v\u1ec1 Vi\u1ec7t Nam LYNX INTERNATIONAL - Service d'exp\u00e9dition Chuyenhangphap.fr de la France au Vietnam","isPartOf":{"@id":"https:\/\/chuyenhangphap.fr\/#website"},"datePublished":"2015-06-24T07:07:19+00:00","dateModified":"2021-09-08T07:43:51+00:00","description":"LYNX INTERNATIONAL l\u00e0 \u0111\u01a1n v\u1ecb v\u1eadn chuy\u1ec3n ph\u00e1t nhanh Qu\u1ed1c t\u1ebf v\u1edbi h\u01a1n 10 n\u0103m kinh nghi\u1ec7m: LYNX INTERNATIONAL l\u00e0 c\u00f4ng ty v\u1eadn chuy\u1ec3n h\u00e0ng t\u1eeb Ph\u00e1p v\u1ec1 64 t\u1ec9nh th\u00e0nh t\u1ea1i Vi\u1ec7t Nam","breadcrumb":{"@id":"https:\/\/chuyenhangphap.fr\/fr\/#breadcrumb"},"inLanguage":"fr-FR","potentialAction":[{"@type":"ReadAction","target":["https:\/\/chuyenhangphap.fr\/fr\/"]}]},{"@type":"BreadcrumbList","@id":"https:\/\/chuyenhangphap.fr\/fr\/#breadcrumb","itemListElement":[{"@type":"ListItem","position":1,"name":"Trang ch\u1ee7","item":"https:\/\/chuyenhangphap.fr\/fr\/"},{"@type":"ListItem","position":2,"name":"Page d&rsquo;accueil"}]},{"@type":"WebSite","@id":"https:\/\/chuyenhangphap.fr\/#website","url":"https:\/\/chuyenhangphap.fr\/","name":"Service d'exp\u00e9dition Chuyenhangphap.fr de la France au Vietnam","description":"LYNX INTERNATIONAL - Chuyenhangphap.fr V\u1eadn chuy\u1ec3n h\u00e0ng t\u1eeb Ph\u00e1p v\u1ec1 Vi\u1ec7t Nam","potentialAction":[{"@type":"SearchAction","target":{"@type":"EntryPoint","urlTemplate":"https:\/\/chuyenhangphap.fr\/?s={search_term_string}"},"query-input":{"@type":"PropertyValueSpecification","valueRequired":true,"valueName":"search_term_string"}}],"inLanguage":"fr-FR"}]}},"_links":{"self":[{"href":"https:\/\/chuyenhangphap.fr\/fr\/wp-json\/wp\/v2\/pages\/76961","targetHints":{"allow":["GET"]}}],"collection":[{"href":"https:\/\/chuyenhangphap.fr\/fr\/wp-json\/wp\/v2\/pages"}],"about":[{"href":"https:\/\/chuyenhangphap.fr\/fr\/wp-json\/wp\/v2\/types\/page"}],"author":[{"embeddable":true,"href":"https:\/\/chuyenhangphap.fr\/fr\/wp-json\/wp\/v2\/users\/108"}],"replies":[{"embeddable":true,"href":"https:\/\/chuyenhangphap.fr\/fr\/wp-json\/wp\/v2\/comments?post=76961"}],"version-history":[{"count":3,"href":"https:\/\/chuyenhangphap.fr\/fr\/wp-json\/wp\/v2\/pages\/76961\/revisions"}],"predecessor-version":[{"id":77023,"href":"https:\/\/chuyenhangphap.fr\/fr\/wp-json\/wp\/v2\/pages\/76961\/revisions\/77023"}],"wp:attachment":[{"href":"https:\/\/chuyenhangphap.fr\/fr\/wp-json\/wp\/v2\/media?parent=76961"}],"curies":[{"name":"wp","href":"https:\/\/api.w.org\/{rel}","templated":true}]}}