{"id":76966,"date":"2021-08-26T09:01:08","date_gmt":"2021-08-26T09:01:08","guid":{"rendered":"https:\/\/chuyenhangphap.fr\/about\/"},"modified":"2021-09-07T10:17:54","modified_gmt":"2021-09-07T10:17:54","slug":"a-propos-de-nous","status":"publish","type":"page","link":"https:\/\/chuyenhangphap.fr\/fr\/a-propos-de-nous\/","title":{"rendered":"\u00c0 propos de nous"},"content":{"rendered":"","protected":false},"excerpt":{"rendered":"","protected":false},"author":108,"featured_media":76968,"parent":0,"menu_order":0,"comment_status":"closed","ping_status":"closed","template":"templates\/about.php","meta":{"_acf_changed":false,"footnotes":""},"class_list":["post-76966","page","type-page","status-publish","has-post-thumbnail","hentry"],"acf":[],"yoast_head":"<!-- This site is optimized with the Yoast SEO plugin v27.1.1 - https:\/\/yoast.com\/product\/yoast-seo-wordpress\/ -->\n<title>\u00c0 propos de nous - Service d&#039;exp\u00e9dition Chuyenhangphap.fr de la France au Vietnam<\/title>\n<meta name=\"robots\" content=\"index, follow, max-snippet:-1, max-image-preview:large, max-video-preview:-1\" \/>\n<link rel=\"canonical\" href=\"https:\/\/chuyenhangphap.fr\/fr\/a-propos-de-nous\/\" \/>\n<meta property=\"og:locale\" content=\"fr_FR\" \/>\n<meta property=\"og:type\" content=\"article\" \/>\n<meta property=\"og:title\" content=\"\u00c0 propos de nous - Service d&#039;exp\u00e9dition Chuyenhangphap.fr de la France au Vietnam\" \/>\n<meta property=\"og:url\" content=\"https:\/\/chuyenhangphap.fr\/fr\/a-propos-de-nous\/\" \/>\n<meta property=\"og:site_name\" content=\"Service d&#039;exp\u00e9dition Chuyenhangphap.fr de la France au Vietnam\" \/>\n<meta property=\"article:publisher\" content=\"https:\/\/www.facebook.com\/chuyenhangphap.fr\" \/>\n<meta property=\"article:modified_time\" content=\"2021-09-07T10:17:54+00:00\" \/>\n<meta property=\"og:image\" content=\"https:\/\/chuyenhangphap.fr\/wp-content\/uploads\/2021\/08\/chuyenhangphap-lynx-international-nha-sach-nhung-manh-ghep-hoan-hao-cho-mot-paris-trang-le3.jpg\" \/>\n\t<meta property=\"og:image:width\" content=\"1024\" \/>\n\t<meta property=\"og:image:height\" content=\"768\" \/>\n\t<meta property=\"og:image:type\" content=\"image\/jpeg\" \/>\n<meta name=\"twitter:card\" content=\"summary_large_image\" \/>\n<script type=\"application\/ld+json\" class=\"yoast-schema-graph\">{\"@context\":\"https:\/\/schema.org\",\"@graph\":[{\"@type\":\"WebPage\",\"@id\":\"https:\/\/chuyenhangphap.fr\/fr\/a-propos-de-nous\/\",\"url\":\"https:\/\/chuyenhangphap.fr\/fr\/a-propos-de-nous\/\",\"name\":\"\u00c0 propos de nous - Service d'exp\u00e9dition Chuyenhangphap.fr de la France au Vietnam\",\"isPartOf\":{\"@id\":\"https:\/\/chuyenhangphap.fr\/#website\"},\"primaryImageOfPage\":{\"@id\":\"https:\/\/chuyenhangphap.fr\/fr\/a-propos-de-nous\/#primaryimage\"},\"image\":{\"@id\":\"https:\/\/chuyenhangphap.fr\/fr\/a-propos-de-nous\/#primaryimage\"},\"thumbnailUrl\":\"https:\/\/chuyenhangphap.fr\/wp-content\/uploads\/2021\/08\/chuyenhangphap-lynx-international-nha-sach-nhung-manh-ghep-hoan-hao-cho-mot-paris-trang-le3.jpg\",\"datePublished\":\"2021-08-26T09:01:08+00:00\",\"dateModified\":\"2021-09-07T10:17:54+00:00\",\"breadcrumb\":{\"@id\":\"https:\/\/chuyenhangphap.fr\/fr\/a-propos-de-nous\/#breadcrumb\"},\"inLanguage\":\"fr-FR\",\"potentialAction\":[{\"@type\":\"ReadAction\",\"target\":[\"https:\/\/chuyenhangphap.fr\/fr\/a-propos-de-nous\/\"]}]},{\"@type\":\"ImageObject\",\"inLanguage\":\"fr-FR\",\"@id\":\"https:\/\/chuyenhangphap.fr\/fr\/a-propos-de-nous\/#primaryimage\",\"url\":\"https:\/\/chuyenhangphap.fr\/wp-content\/uploads\/2021\/08\/chuyenhangphap-lynx-international-nha-sach-nhung-manh-ghep-hoan-hao-cho-mot-paris-trang-le3.jpg\",\"contentUrl\":\"https:\/\/chuyenhangphap.fr\/wp-content\/uploads\/2021\/08\/chuyenhangphap-lynx-international-nha-sach-nhung-manh-ghep-hoan-hao-cho-mot-paris-trang-le3.jpg\",\"width\":1024,\"height\":768,\"caption\":\"d\u1ecbch v\u1ee5 v\u1eadn chuy\u1ec3n h\u00e0ng t\u1eeb Ph\u00e1p v\u1ec1 Vi\u1ec7t Nam, b\u1ea3o hi\u1ec3m h\u00e0ng h\u00f3a 100%, nhanh ch\u00f3ng, uy t\u00edn\"},{\"@type\":\"BreadcrumbList\",\"@id\":\"https:\/\/chuyenhangphap.fr\/fr\/a-propos-de-nous\/#breadcrumb\",\"itemListElement\":[{\"@type\":\"ListItem\",\"position\":1,\"name\":\"Trang ch\u1ee7\",\"item\":\"https:\/\/chuyenhangphap.fr\/fr\/\"},{\"@type\":\"ListItem\",\"position\":2,\"name\":\"\u00c0 propos de nous\"}]},{\"@type\":\"WebSite\",\"@id\":\"https:\/\/chuyenhangphap.fr\/#website\",\"url\":\"https:\/\/chuyenhangphap.fr\/\",\"name\":\"Service d'exp\u00e9dition Chuyenhangphap.fr de la France au Vietnam\",\"description\":\"LYNX INTERNATIONAL - Chuyenhangphap.fr V\u1eadn chuy\u1ec3n h\u00e0ng t\u1eeb Ph\u00e1p v\u1ec1 Vi\u1ec7t Nam\",\"potentialAction\":[{\"@type\":\"SearchAction\",\"target\":{\"@type\":\"EntryPoint\",\"urlTemplate\":\"https:\/\/chuyenhangphap.fr\/?s={search_term_string}\"},\"query-input\":{\"@type\":\"PropertyValueSpecification\",\"valueRequired\":true,\"valueName\":\"search_term_string\"}}],\"inLanguage\":\"fr-FR\"}]}<\/script>\n<!-- \/ Yoast SEO plugin. -->","yoast_head_json":{"title":"\u00c0 propos de nous - Service d'exp\u00e9dition Chuyenhangphap.fr de la France au Vietnam","robots":{"index":"index","follow":"follow","max-snippet":"max-snippet:-1","max-image-preview":"max-image-preview:large","max-video-preview":"max-video-preview:-1"},"canonical":"https:\/\/chuyenhangphap.fr\/fr\/a-propos-de-nous\/","og_locale":"fr_FR","og_type":"article","og_title":"\u00c0 propos de nous - Service d'exp\u00e9dition Chuyenhangphap.fr de la France au Vietnam","og_url":"https:\/\/chuyenhangphap.fr\/fr\/a-propos-de-nous\/","og_site_name":"Service d'exp\u00e9dition Chuyenhangphap.fr de la France au Vietnam","article_publisher":"https:\/\/www.facebook.com\/chuyenhangphap.fr","article_modified_time":"2021-09-07T10:17:54+00:00","og_image":[{"width":1024,"height":768,"url":"https:\/\/chuyenhangphap.fr\/wp-content\/uploads\/2021\/08\/chuyenhangphap-lynx-international-nha-sach-nhung-manh-ghep-hoan-hao-cho-mot-paris-trang-le3.jpg","type":"image\/jpeg"}],"twitter_card":"summary_large_image","schema":{"@context":"https:\/\/schema.org","@graph":[{"@type":"WebPage","@id":"https:\/\/chuyenhangphap.fr\/fr\/a-propos-de-nous\/","url":"https:\/\/chuyenhangphap.fr\/fr\/a-propos-de-nous\/","name":"\u00c0 propos de nous - Service d'exp\u00e9dition Chuyenhangphap.fr de la France au Vietnam","isPartOf":{"@id":"https:\/\/chuyenhangphap.fr\/#website"},"primaryImageOfPage":{"@id":"https:\/\/chuyenhangphap.fr\/fr\/a-propos-de-nous\/#primaryimage"},"image":{"@id":"https:\/\/chuyenhangphap.fr\/fr\/a-propos-de-nous\/#primaryimage"},"thumbnailUrl":"https:\/\/chuyenhangphap.fr\/wp-content\/uploads\/2021\/08\/chuyenhangphap-lynx-international-nha-sach-nhung-manh-ghep-hoan-hao-cho-mot-paris-trang-le3.jpg","datePublished":"2021-08-26T09:01:08+00:00","dateModified":"2021-09-07T10:17:54+00:00","breadcrumb":{"@id":"https:\/\/chuyenhangphap.fr\/fr\/a-propos-de-nous\/#breadcrumb"},"inLanguage":"fr-FR","potentialAction":[{"@type":"ReadAction","target":["https:\/\/chuyenhangphap.fr\/fr\/a-propos-de-nous\/"]}]},{"@type":"ImageObject","inLanguage":"fr-FR","@id":"https:\/\/chuyenhangphap.fr\/fr\/a-propos-de-nous\/#primaryimage","url":"https:\/\/chuyenhangphap.fr\/wp-content\/uploads\/2021\/08\/chuyenhangphap-lynx-international-nha-sach-nhung-manh-ghep-hoan-hao-cho-mot-paris-trang-le3.jpg","contentUrl":"https:\/\/chuyenhangphap.fr\/wp-content\/uploads\/2021\/08\/chuyenhangphap-lynx-international-nha-sach-nhung-manh-ghep-hoan-hao-cho-mot-paris-trang-le3.jpg","width":1024,"height":768,"caption":"d\u1ecbch v\u1ee5 v\u1eadn chuy\u1ec3n h\u00e0ng t\u1eeb Ph\u00e1p v\u1ec1 Vi\u1ec7t Nam, b\u1ea3o hi\u1ec3m h\u00e0ng h\u00f3a 100%, nhanh ch\u00f3ng, uy t\u00edn"},{"@type":"BreadcrumbList","@id":"https:\/\/chuyenhangphap.fr\/fr\/a-propos-de-nous\/#breadcrumb","itemListElement":[{"@type":"ListItem","position":1,"name":"Trang ch\u1ee7","item":"https:\/\/chuyenhangphap.fr\/fr\/"},{"@type":"ListItem","position":2,"name":"\u00c0 propos de nous"}]},{"@type":"WebSite","@id":"https:\/\/chuyenhangphap.fr\/#website","url":"https:\/\/chuyenhangphap.fr\/","name":"Service d'exp\u00e9dition Chuyenhangphap.fr de la France au Vietnam","description":"LYNX INTERNATIONAL - Chuyenhangphap.fr V\u1eadn chuy\u1ec3n h\u00e0ng t\u1eeb Ph\u00e1p v\u1ec1 Vi\u1ec7t Nam","potentialAction":[{"@type":"SearchAction","target":{"@type":"EntryPoint","urlTemplate":"https:\/\/chuyenhangphap.fr\/?s={search_term_string}"},"query-input":{"@type":"PropertyValueSpecification","valueRequired":true,"valueName":"search_term_string"}}],"inLanguage":"fr-FR"}]}},"_links":{"self":[{"href":"https:\/\/chuyenhangphap.fr\/fr\/wp-json\/wp\/v2\/pages\/76966","targetHints":{"allow":["GET"]}}],"collection":[{"href":"https:\/\/chuyenhangphap.fr\/fr\/wp-json\/wp\/v2\/pages"}],"about":[{"href":"https:\/\/chuyenhangphap.fr\/fr\/wp-json\/wp\/v2\/types\/page"}],"author":[{"embeddable":true,"href":"https:\/\/chuyenhangphap.fr\/fr\/wp-json\/wp\/v2\/users\/108"}],"replies":[{"embeddable":true,"href":"https:\/\/chuyenhangphap.fr\/fr\/wp-json\/wp\/v2\/comments?post=76966"}],"version-history":[{"count":2,"href":"https:\/\/chuyenhangphap.fr\/fr\/wp-json\/wp\/v2\/pages\/76966\/revisions"}],"predecessor-version":[{"id":76970,"href":"https:\/\/chuyenhangphap.fr\/fr\/wp-json\/wp\/v2\/pages\/76966\/revisions\/76970"}],"wp:featuredmedia":[{"embeddable":true,"href":"https:\/\/chuyenhangphap.fr\/fr\/wp-json\/wp\/v2\/media\/76968"}],"wp:attachment":[{"href":"https:\/\/chuyenhangphap.fr\/fr\/wp-json\/wp\/v2\/media?parent=76966"}],"curies":[{"name":"wp","href":"https:\/\/api.w.org\/{rel}","templated":true}]}}