{"id":77340,"date":"2021-09-16T09:01:08","date_gmt":"2021-09-16T09:01:08","guid":{"rendered":"https:\/\/chuyenhangphap.fr\/quy-chuan-gui-hang\/"},"modified":"2021-09-16T09:13:42","modified_gmt":"2021-09-16T09:13:42","slug":"normes-dexpedition","status":"publish","type":"page","link":"https:\/\/chuyenhangphap.fr\/fr\/normes-dexpedition\/","title":{"rendered":"Normes d&#8217;exp\u00e9dition"},"content":{"rendered":"<p><span data-sheets-value=\"{&quot;1&quot;:2,&quot;2&quot;:&quot;NORMES D'EXP\u00c9DITION\\n(Veuillez lire attentivement cette section)\\n\\n\u00c9TAPE 1 : CONTACTEZ LYNX POUR PLUS D'INFORMATIONS\\n\u00c9TAPE 2 : EMBALLEZ VOS ARTICLES\\n\u00c9TAPE 3 : APPELEZ LE BUREAU DE LYNX\\n\u00c9TAPE 4 : ENVOYEZ UN E-MAIL POUR LA CONFIRMATION DES INFORMATIONS DE L'ENVOI\\n\\n\u00c9TAPE 1 : CONTACTEZ LYNX POUR PLUS D'INFORMATIONS\\nAvant d'envoyer les marchandises, veuillez contacter LYNX pour obtenir des conseils sp\u00e9cifiques et fournir le code client.\\nService client (Facebook) : m.me\/lynxchuyenhangphap\\nCourriel : contact@chuyenhangphap.fr\\n(Chaque code client est correspondant \u00e0 une seule adresse du destinataire au Vietnam).\\n\\n\u00c9TAPE 2 : EMBALLEZ VOS ARTICLES\\nLes articles doivent bien \u00eatre emball\u00e9s avec forte forfaits. Alignez-vous soigneusement pour \u00e9viter les probl\u00e8mes li\u00e9s aux diff\u00e9rences de volume.\\nNe pas trop entasser dans un carton (Ne pas emballer plus de 20kg\/balle)\\nRemplissez toutes les informations sur le colis\\nPour tous les colis que vous emballez vous-m\u00eame ou achetez en ligne, LYNX ouvrira et v\u00e9rifiera les articles ainsi que s'assurera que la bo\u00eete est correctement emball\u00e9e avant l'exp\u00e9dition de Paris \u00e0 l'a\u00e9roport.\\n\\n\u00c9TAPE 3 : APPELEZ LE BUREAU DE LYNX\\nAdresse du bureau LYNX \u00e0 Paris, France :\\n28 Rue Carnot, 94270 Le Kremlin Bic\u00eatre\\n\\nOption 1 : Envoyez-le directement\\nSur la bo\u00eete, veuillez \u00e9crire toutes les informations sur\\nCode client\\nInformations sur l'exp\u00e9diteur : Nom + Num\u00e9ro de t\u00e9l\u00e9phone\\nInformations sur le destinataire : Nom + Num\u00e9ro de t\u00e9l\u00e9phone + Adresse de livraison au Vietnam\\n(Vous pouvez t\u00e9l\u00e9charger le formulaire ICI \u00e0 remplir et coller sur la boite)\\nOption 2 : Envoyez par la poste\/ Commandez en ligne\\nLors de votre envoi de marchandises au bureau LYNX, veuillez \u00e9crire les INFORMATIONS CORRECTES dans l'ADRESSE DE LIVRAISON de la mani\u00e8re suivante :\\n\\nTRINH Ngoc Linh LYNX INTERNATIONAL\\nT\u00e9l : +33 7 68 90 89 66\\nAdresse : 28 Rue Carnot, 94270 Le Kremlin Bic\u00eatre + \\&quot;Identifiant Client LYNX\\&quot;\\n(Exemple : 28 Rue Carnot, 94270 Le Kremlin Bic\u00eatre LYNX01)\\n\\nREMARQUE : Si vous ne suivez pas les instructions ci-dessus, LYNX ne sera pas en mesure d'identifier votre colis. Par cons\u00e9quent, s'il y a un probl\u00e8me de perte\/endommagement des marchandises, LYNX n'en sera pas responsable.\\n\\n\u00c9TAPE 4: ENVOYEZ UN E-MAIL POUR LA CONFIRMATION DES INFORMATIONS DE L'ENVOI\\nUne fois la livraison\/commande termin\u00e9e, veuillez envoyer les informations \u00e0 l'e-mail contact@chuyenhangphap.fr selon les instructions du service client [Contacter maintenant]\\n\\nMerci beaucoup!&quot;}\" data-sheets-userformat=\"{&quot;2&quot;:3005,&quot;3&quot;:{&quot;1&quot;:0},&quot;5&quot;:{&quot;1&quot;:[{&quot;1&quot;:2,&quot;2&quot;:0,&quot;5&quot;:[null,2,0]},{&quot;1&quot;:0,&quot;2&quot;:0,&quot;3&quot;:3},{&quot;1&quot;:1,&quot;2&quot;:0,&quot;4&quot;:1}]},&quot;6&quot;:{&quot;1&quot;:[{&quot;1&quot;:2,&quot;2&quot;:0,&quot;5&quot;:[null,2,0]},{&quot;1&quot;:0,&quot;2&quot;:0,&quot;3&quot;:3},{&quot;1&quot;:1,&quot;2&quot;:0,&quot;4&quot;:1}]},&quot;7&quot;:{&quot;1&quot;:[{&quot;1&quot;:2,&quot;2&quot;:0,&quot;5&quot;:[null,2,0]},{&quot;1&quot;:0,&quot;2&quot;:0,&quot;3&quot;:3},{&quot;1&quot;:1,&quot;2&quot;:0,&quot;4&quot;:1}]},&quot;8&quot;:{&quot;1&quot;:[{&quot;1&quot;:2,&quot;2&quot;:0,&quot;5&quot;:[null,2,0]},{&quot;1&quot;:0,&quot;2&quot;:0,&quot;3&quot;:3},{&quot;1&quot;:1,&quot;2&quot;:0,&quot;4&quot;:1}]},&quot;10&quot;:0,&quot;11&quot;:4,&quot;12&quot;:0,&quot;14&quot;:[null,2,16711680]}\" data-sheets-textstyleruns=\"[null,0,{&quot;2&quot;:[null,2,0],&quot;5&quot;:1}]\uee10[null,19,{&quot;2&quot;:[null,2,0]}]\uee10[null,261,{&quot;2&quot;:[null,2,0],&quot;5&quot;:1}]\uee10[null,310,{&quot;2&quot;:[null,2,0]}]\uee10[null,610,{&quot;2&quot;:[null,2,0],&quot;5&quot;:1}]\uee10[null,642,{&quot;2&quot;:[null,2,0]}]\uee10[null,1120,{&quot;2&quot;:[null,2,0],&quot;5&quot;:1}]\uee10[null,1156,{&quot;2&quot;:[null,2,0]}]\uee10[null,2196,{&quot;2&quot;:[null,2,0],&quot;5&quot;:1}]\uee10[null,2271,{&quot;2&quot;:[null,2,0]}]\">NORMES D&#8217;EXP\u00c9DITION<br \/>\n(Veuillez lire attentivement cette section)<\/span><\/p>\n<p><strong>\u00c9TAPE 1 : CONTACTEZ LYNX POUR PLUS D&#8217;INFORMATIONS<\/strong><br \/>\n<strong>\u00c9TAPE 2 : EMBALLEZ VOS ARTICLES<\/strong><br \/>\n<strong>\u00c9TAPE 3 : APPELEZ LE BUREAU DE LYNX<\/strong><br \/>\n<strong>\u00c9TAPE 4 : ENVOYEZ UN E-MAIL POUR LA CONFIRMATION DES INFORMATIONS DE L&#8217;ENVOI<\/strong><\/p>\n<p><strong>\u00c9TAPE 1 : CONTACTEZ LYNX POUR PLUS D&#8217;INFORMATIONS<\/strong><br \/>\nAvant d&#8217;envoyer les marchandises, veuillez contacter LYNX pour obtenir des conseils sp\u00e9cifiques et fournir le code client.<br \/>\nService client (Facebook) : m.me\/lynxchuyenhangphap<br \/>\nCourriel : contact@chuyenhangphap.fr<br \/>\n(Chaque code client est correspondant \u00e0 une seule adresse du destinataire au Vietnam).<\/p>\n<p><strong>\u00c9TAPE 2 : EMBALLEZ VOS ARTICLES<\/strong><br \/>\nLes articles doivent bien \u00eatre emball\u00e9s avec forte forfaits. Alignez-vous soigneusement pour \u00e9viter les probl\u00e8mes li\u00e9s aux diff\u00e9rences de volume.<br \/>\nNe pas trop entasser dans un carton (Ne pas emballer plus de 20kg\/balle)<br \/>\nRemplissez toutes les informations sur le colis<br \/>\nPour tous les colis que vous emballez vous-m\u00eame ou achetez en ligne, LYNX ouvrira et v\u00e9rifiera les articles ainsi que s&#8217;assurera que la bo\u00eete est correctement emball\u00e9e avant l&#8217;exp\u00e9dition de Paris \u00e0 l&#8217;a\u00e9roport.<\/p>\n<p><strong>\u00c9TAPE 3 : APPELEZ LE BUREAU DE LYNX<\/strong><br \/>\nAdresse du bureau LYNX \u00e0 Paris, France :<br \/>\n28 Rue Carnot, 94270 Le Kremlin Bic\u00eatre<\/p>\n<p>Option 1 : Envoyez-le directement<br \/>\nSur la bo\u00eete, veuillez \u00e9crire toutes les informations sur<br \/>\nCode client<br \/>\nInformations sur l&#8217;exp\u00e9diteur : Nom + Num\u00e9ro de t\u00e9l\u00e9phone<br \/>\nInformations sur le destinataire : Nom + Num\u00e9ro de t\u00e9l\u00e9phone + Adresse de livraison au Vietnam<br \/>\n(Vous pouvez t\u00e9l\u00e9charger le formulaire ICI \u00e0 remplir et coller sur la boite)<br \/>\nOption 2 : Envoyez par la poste\/ Commandez en ligne<br \/>\nLors de votre envoi de marchandises au bureau LYNX, veuillez \u00e9crire les INFORMATIONS CORRECTES dans l&#8217;ADRESSE DE LIVRAISON de la mani\u00e8re suivante :<\/p>\n<p>TRINH Ngoc Linh LYNX INTERNATIONAL<br \/>\nT\u00e9l : +33 7 68 90 89 66<br \/>\nAdresse : 28 Rue Carnot, 94270 Le Kremlin Bic\u00eatre + &#8220;Identifiant Client LYNX&#8221;<br \/>\n(Exemple : 28 Rue Carnot, 94270 Le Kremlin Bic\u00eatre LYNX01)<\/p>\n<p>REMARQUE : Si vous ne suivez pas les instructions ci-dessus, LYNX ne sera pas en mesure d&#8217;identifier votre colis. Par cons\u00e9quent, s&#8217;il y a un probl\u00e8me de perte\/endommagement des marchandises, LYNX n&#8217;en sera pas responsable.<\/p>\n<p><strong>\u00c9TAPE 4: ENVOYEZ UN E-MAIL POUR LA CONFIRMATION DES INFORMATIONS DE L&#8217;ENVOI<\/strong><br \/>\nUne fois la livraison\/commande termin\u00e9e, veuillez envoyer les informations \u00e0 l&#8217;e-mail contact@chuyenhangphap.fr selon les instructions du service client [Contacter maintenant]<\/p>\n<p>Merci beaucoup!<\/p>\n","protected":false},"excerpt":{"rendered":"<p>NORMES D&#8217;EXP\u00c9DITION (Veuillez lire attentivement cette section) \u00c9TAPE 1 : CONTACTEZ LYNX POUR PLUS D&#8217;INFORMATIONS \u00c9TAPE 2 : EMBALLEZ VOS ARTICLES \u00c9TAPE 3 : APPELEZ LE BUREAU DE LYNX \u00c9TAPE 4 : ENVOYEZ UN E-MAIL POUR LA CONFIRMATION DES INFORMATIONS DE L&#8217;ENVOI \u00c9TAPE 1 : CONTACTEZ LYNX POUR PLUS D&#8217;INFORMATIONS Avant d&#8217;envoyer les marchandises, veuillez [&hellip;]<\/p>\n","protected":false},"author":108,"featured_media":0,"parent":0,"menu_order":0,"comment_status":"closed","ping_status":"closed","template":"templates\/template-shipping-standards.php","meta":{"_acf_changed":false,"footnotes":""},"class_list":["post-77340","page","type-page","status-publish","hentry"],"acf":[],"yoast_head":"<!-- This site is optimized with the Yoast SEO plugin v27.1.1 - https:\/\/yoast.com\/product\/yoast-seo-wordpress\/ -->\n<title>Normes d&#039;exp\u00e9dition - Service d&#039;exp\u00e9dition Chuyenhangphap.fr de la France au Vietnam<\/title>\n<meta name=\"robots\" content=\"index, follow, max-snippet:-1, max-image-preview:large, max-video-preview:-1\" \/>\n<link rel=\"canonical\" href=\"https:\/\/chuyenhangphap.fr\/fr\/normes-dexpedition\/\" \/>\n<meta property=\"og:locale\" content=\"fr_FR\" \/>\n<meta property=\"og:type\" content=\"article\" \/>\n<meta property=\"og:title\" content=\"Normes d&#039;exp\u00e9dition - Service d&#039;exp\u00e9dition Chuyenhangphap.fr de la France au Vietnam\" \/>\n<meta property=\"og:description\" content=\"NORMES D&#8217;EXP\u00c9DITION (Veuillez lire attentivement cette section) \u00c9TAPE 1 : CONTACTEZ LYNX POUR PLUS D&#8217;INFORMATIONS \u00c9TAPE 2 : EMBALLEZ VOS ARTICLES \u00c9TAPE 3 : APPELEZ LE BUREAU DE LYNX \u00c9TAPE 4 : ENVOYEZ UN E-MAIL POUR LA CONFIRMATION DES INFORMATIONS DE L&#8217;ENVOI \u00c9TAPE 1 : CONTACTEZ LYNX POUR PLUS D&#8217;INFORMATIONS Avant d&#8217;envoyer les marchandises, veuillez [&hellip;]\" \/>\n<meta property=\"og:url\" content=\"https:\/\/chuyenhangphap.fr\/fr\/normes-dexpedition\/\" \/>\n<meta property=\"og:site_name\" content=\"Service d&#039;exp\u00e9dition Chuyenhangphap.fr de la France au Vietnam\" \/>\n<meta property=\"article:publisher\" content=\"https:\/\/www.facebook.com\/chuyenhangphap.fr\" \/>\n<meta property=\"article:modified_time\" content=\"2021-09-16T09:13:42+00:00\" \/>\n<meta name=\"twitter:card\" content=\"summary_large_image\" \/>\n<meta name=\"twitter:label1\" content=\"Dur\u00e9e de lecture estim\u00e9e\" \/>\n\t<meta name=\"twitter:data1\" content=\"2 minutes\" \/>\n<script type=\"application\/ld+json\" class=\"yoast-schema-graph\">{\"@context\":\"https:\/\/schema.org\",\"@graph\":[{\"@type\":\"WebPage\",\"@id\":\"https:\/\/chuyenhangphap.fr\/fr\/normes-dexpedition\/\",\"url\":\"https:\/\/chuyenhangphap.fr\/fr\/normes-dexpedition\/\",\"name\":\"Normes d'exp\u00e9dition - Service d'exp\u00e9dition Chuyenhangphap.fr de la France au Vietnam\",\"isPartOf\":{\"@id\":\"https:\/\/chuyenhangphap.fr\/#website\"},\"datePublished\":\"2021-09-16T09:01:08+00:00\",\"dateModified\":\"2021-09-16T09:13:42+00:00\",\"breadcrumb\":{\"@id\":\"https:\/\/chuyenhangphap.fr\/fr\/normes-dexpedition\/#breadcrumb\"},\"inLanguage\":\"fr-FR\",\"potentialAction\":[{\"@type\":\"ReadAction\",\"target\":[\"https:\/\/chuyenhangphap.fr\/fr\/normes-dexpedition\/\"]}]},{\"@type\":\"BreadcrumbList\",\"@id\":\"https:\/\/chuyenhangphap.fr\/fr\/normes-dexpedition\/#breadcrumb\",\"itemListElement\":[{\"@type\":\"ListItem\",\"position\":1,\"name\":\"Trang ch\u1ee7\",\"item\":\"https:\/\/chuyenhangphap.fr\/fr\/\"},{\"@type\":\"ListItem\",\"position\":2,\"name\":\"Normes d&rsquo;exp\u00e9dition\"}]},{\"@type\":\"WebSite\",\"@id\":\"https:\/\/chuyenhangphap.fr\/#website\",\"url\":\"https:\/\/chuyenhangphap.fr\/\",\"name\":\"Service d'exp\u00e9dition Chuyenhangphap.fr de la France au Vietnam\",\"description\":\"LYNX INTERNATIONAL - Chuyenhangphap.fr V\u1eadn chuy\u1ec3n h\u00e0ng t\u1eeb Ph\u00e1p v\u1ec1 Vi\u1ec7t Nam\",\"potentialAction\":[{\"@type\":\"SearchAction\",\"target\":{\"@type\":\"EntryPoint\",\"urlTemplate\":\"https:\/\/chuyenhangphap.fr\/?s={search_term_string}\"},\"query-input\":{\"@type\":\"PropertyValueSpecification\",\"valueRequired\":true,\"valueName\":\"search_term_string\"}}],\"inLanguage\":\"fr-FR\"}]}<\/script>\n<!-- \/ Yoast SEO plugin. -->","yoast_head_json":{"title":"Normes d'exp\u00e9dition - Service d'exp\u00e9dition Chuyenhangphap.fr de la France au Vietnam","robots":{"index":"index","follow":"follow","max-snippet":"max-snippet:-1","max-image-preview":"max-image-preview:large","max-video-preview":"max-video-preview:-1"},"canonical":"https:\/\/chuyenhangphap.fr\/fr\/normes-dexpedition\/","og_locale":"fr_FR","og_type":"article","og_title":"Normes d'exp\u00e9dition - Service d'exp\u00e9dition Chuyenhangphap.fr de la France au Vietnam","og_description":"NORMES D&#8217;EXP\u00c9DITION (Veuillez lire attentivement cette section) \u00c9TAPE 1 : CONTACTEZ LYNX POUR PLUS D&#8217;INFORMATIONS \u00c9TAPE 2 : EMBALLEZ VOS ARTICLES \u00c9TAPE 3 : APPELEZ LE BUREAU DE LYNX \u00c9TAPE 4 : ENVOYEZ UN E-MAIL POUR LA CONFIRMATION DES INFORMATIONS DE L&#8217;ENVOI \u00c9TAPE 1 : CONTACTEZ LYNX POUR PLUS D&#8217;INFORMATIONS Avant d&#8217;envoyer les marchandises, veuillez [&hellip;]","og_url":"https:\/\/chuyenhangphap.fr\/fr\/normes-dexpedition\/","og_site_name":"Service d'exp\u00e9dition Chuyenhangphap.fr de la France au Vietnam","article_publisher":"https:\/\/www.facebook.com\/chuyenhangphap.fr","article_modified_time":"2021-09-16T09:13:42+00:00","twitter_card":"summary_large_image","twitter_misc":{"Dur\u00e9e de lecture estim\u00e9e":"2 minutes"},"schema":{"@context":"https:\/\/schema.org","@graph":[{"@type":"WebPage","@id":"https:\/\/chuyenhangphap.fr\/fr\/normes-dexpedition\/","url":"https:\/\/chuyenhangphap.fr\/fr\/normes-dexpedition\/","name":"Normes d'exp\u00e9dition - Service d'exp\u00e9dition Chuyenhangphap.fr de la France au Vietnam","isPartOf":{"@id":"https:\/\/chuyenhangphap.fr\/#website"},"datePublished":"2021-09-16T09:01:08+00:00","dateModified":"2021-09-16T09:13:42+00:00","breadcrumb":{"@id":"https:\/\/chuyenhangphap.fr\/fr\/normes-dexpedition\/#breadcrumb"},"inLanguage":"fr-FR","potentialAction":[{"@type":"ReadAction","target":["https:\/\/chuyenhangphap.fr\/fr\/normes-dexpedition\/"]}]},{"@type":"BreadcrumbList","@id":"https:\/\/chuyenhangphap.fr\/fr\/normes-dexpedition\/#breadcrumb","itemListElement":[{"@type":"ListItem","position":1,"name":"Trang ch\u1ee7","item":"https:\/\/chuyenhangphap.fr\/fr\/"},{"@type":"ListItem","position":2,"name":"Normes d&rsquo;exp\u00e9dition"}]},{"@type":"WebSite","@id":"https:\/\/chuyenhangphap.fr\/#website","url":"https:\/\/chuyenhangphap.fr\/","name":"Service d'exp\u00e9dition Chuyenhangphap.fr de la France au Vietnam","description":"LYNX INTERNATIONAL - Chuyenhangphap.fr V\u1eadn chuy\u1ec3n h\u00e0ng t\u1eeb Ph\u00e1p v\u1ec1 Vi\u1ec7t Nam","potentialAction":[{"@type":"SearchAction","target":{"@type":"EntryPoint","urlTemplate":"https:\/\/chuyenhangphap.fr\/?s={search_term_string}"},"query-input":{"@type":"PropertyValueSpecification","valueRequired":true,"valueName":"search_term_string"}}],"inLanguage":"fr-FR"}]}},"_links":{"self":[{"href":"https:\/\/chuyenhangphap.fr\/fr\/wp-json\/wp\/v2\/pages\/77340","targetHints":{"allow":["GET"]}}],"collection":[{"href":"https:\/\/chuyenhangphap.fr\/fr\/wp-json\/wp\/v2\/pages"}],"about":[{"href":"https:\/\/chuyenhangphap.fr\/fr\/wp-json\/wp\/v2\/types\/page"}],"author":[{"embeddable":true,"href":"https:\/\/chuyenhangphap.fr\/fr\/wp-json\/wp\/v2\/users\/108"}],"replies":[{"embeddable":true,"href":"https:\/\/chuyenhangphap.fr\/fr\/wp-json\/wp\/v2\/comments?post=77340"}],"version-history":[{"count":5,"href":"https:\/\/chuyenhangphap.fr\/fr\/wp-json\/wp\/v2\/pages\/77340\/revisions"}],"predecessor-version":[{"id":77346,"href":"https:\/\/chuyenhangphap.fr\/fr\/wp-json\/wp\/v2\/pages\/77340\/revisions\/77346"}],"wp:attachment":[{"href":"https:\/\/chuyenhangphap.fr\/fr\/wp-json\/wp\/v2\/media?parent=77340"}],"curies":[{"name":"wp","href":"https:\/\/api.w.org\/{rel}","templated":true}]}}